{"id":3011,"date":"2024-06-29T11:14:04","date_gmt":"2024-06-29T11:14:04","guid":{"rendered":"http:\/\/xtratheme.com\/default\/?page_id=17"},"modified":"2025-04-17T18:03:07","modified_gmt":"2025-04-17T18:03:07","slug":"contact-us","status":"publish","type":"page","link":"https:\/\/www.on4net.com\/en\/contact-us\/","title":{"rendered":"Contact Us"},"content":{"rendered":"\t\t<div data-elementor-type=\"wp-page\" data-elementor-id=\"3011\" class=\"elementor elementor-3011\" data-elementor-post-type=\"page\">\n\t\t\t\t\t\t<section class=\"elementor-section elementor-top-section elementor-element elementor-element-3333ec6 elementor-section-full_width elementor-section-stretched elementor-section-height-default elementor-section-height-default\" data-id=\"3333ec6\" data-element_type=\"section\" data-e-type=\"section\" data-settings=\"{&quot;stretch_section&quot;:&quot;section-stretched&quot;}\">\n\t\t\t\t\t\t<div class=\"elementor-container elementor-column-gap-default\">\n\t\t\t\t\t<div class=\"elementor-column elementor-col-50 elementor-top-column elementor-element elementor-element-2d7b2b3\" data-id=\"2d7b2b3\" data-element_type=\"column\" data-e-type=\"column\" data-settings=\"{&quot;background_background&quot;:&quot;classic&quot;}\">\n\t\t\t<div class=\"elementor-widget-wrap elementor-element-populated\">\n\t\t\t\t\t\t<div class=\"elementor-element elementor-element-3c99920 elementor-widget elementor-widget-cz_title\" data-id=\"3c99920\" data-element_type=\"widget\" data-e-type=\"widget\" data-widget_type=\"cz_title.default\">\n\t\t\t\t<div class=\"elementor-widget-container\">\n\t\t\t\t\t\t\r\n\t\t<div>\r\n\t\t\t<div class=\"cz_title clr cz_mobile_text_center cz_title_pos_inline\"><div class=\"cz_title_content\"><div class=\"cz_wpe_content\"><h3><span style=\"font-size: 36px;\">GET IN TOUCH <span style=\"color: #012b64;\">WITH US<\/span><\/span><\/h3><p><span style=\"color: #aaaaaa; font-size: 18px;\">Contact us today!<\/span><\/p><\/div><\/div><\/div>\r\n\t\t<\/div>\r\n\t\t\r\n\t\t\t\t\t\t<\/div>\n\t\t\t\t<\/div>\n\t\t\t\t<div class=\"elementor-element elementor-element-58e5ab8 elementor-widget elementor-widget-cz_title\" data-id=\"58e5ab8\" data-element_type=\"widget\" data-e-type=\"widget\" data-widget_type=\"cz_title.default\">\n\t\t\t\t<div class=\"elementor-widget-container\">\n\t\t\t\t\t\t\r\n\t\t<div>\r\n\t\t\t<div class=\"cz_title clr cz_mobile_text_center cz_title_pos_inline\"><div class=\"cz_title_content\"><div class=\"cz_wpe_content\"><p>\"We'd love to hear from you! If you have any questions, need more information, or want to share your feedback with us, please contact us.\"<\/p><\/div><\/div><\/div>\r\n\t\t<\/div>\r\n\t\t\r\n\t\t\t\t\t\t<\/div>\n\t\t\t\t<\/div>\n\t\t\t\t\t<\/div>\n\t\t<\/div>\n\t\t\t\t<div class=\"elementor-column elementor-col-50 elementor-top-column elementor-element elementor-element-463152b\" data-id=\"463152b\" data-element_type=\"column\" data-e-type=\"column\" data-settings=\"{&quot;background_background&quot;:&quot;classic&quot;}\">\n\t\t\t<div class=\"elementor-widget-wrap elementor-element-populated\">\n\t\t\t\t\t\t<div class=\"elementor-element elementor-element-6e50b90 elementor-widget elementor-widget-cz_service_box\" data-id=\"6e50b90\" data-element_type=\"widget\" data-e-type=\"widget\" data-widget_type=\"cz_service_box.default\">\n\t\t\t\t<div class=\"elementor-widget-container\">\n\t\t\t\t\t<div class=\"services clr style1 cz_sbi_fx_11 left\"><div class=\"service_custom\"><i class=\"fa czico-092-phone-call-1\"><\/i><\/div><div class=\"service_text\"><h3>Phone<\/h3><div class=\"cz_wpe_content\"><p><span style=\"font-size: 18px;\">+90 501 009 4840<\/span><\/p><\/div><\/div><\/div>\t\t\t\t<\/div>\n\t\t\t\t<\/div>\n\t\t\t\t<div class=\"elementor-element elementor-element-d662fdb elementor-widget elementor-widget-cz_service_box\" data-id=\"d662fdb\" data-element_type=\"widget\" data-e-type=\"widget\" data-widget_type=\"cz_service_box.default\">\n\t\t\t\t<div class=\"elementor-widget-container\">\n\t\t\t\t\t<div class=\"services clr style1 cz_sbi_fx_11 left\"><div class=\"service_custom\"><i class=\"fa czico-088-envelope-of-white-paper\"><\/i><\/div><div class=\"service_text\"><h3>Email<\/h3><div class=\"cz_wpe_content\"><div class=\"eYSAde\">services@on4net.com<\/div><\/div><\/div><\/div>\t\t\t\t<\/div>\n\t\t\t\t<\/div>\n\t\t\t\t<div class=\"elementor-element elementor-element-960794b elementor-widget elementor-widget-cz_service_box\" data-id=\"960794b\" data-element_type=\"widget\" data-e-type=\"widget\" data-widget_type=\"cz_service_box.default\">\n\t\t\t\t<div class=\"elementor-widget-container\">\n\t\t\t\t\t<div class=\"services clr style1 cz_sbi_fx_11 left\"><div class=\"service_custom\"><i class=\"fa czico-083-placeholder-1\"><\/i><\/div><div class=\"service_text\"><h3>Office<\/h3><div class=\"cz_wpe_content\"><p>Koza, 1655 Mahallesi Esenkent Mevkii Ye\u015fil Kule C Blok 6\/C Kat:3 No:53, 34538 Esenyurt\/\u0130stanbul, T\u00fcrkiye<\/p><\/div><\/div><\/div>\t\t\t\t<\/div>\n\t\t\t\t<\/div>\n\t\t\t\t<div class=\"elementor-element elementor-element-0c5921c elementor-widget elementor-widget-cz_google_map\" data-id=\"0c5921c\" data-element_type=\"widget\" data-e-type=\"widget\" data-widget_type=\"cz_google_map.default\">\n\t\t\t\t<div class=\"elementor-widget-container\">\n\t\t\t\t\t<div id=\"cz7403\" class=\"gmap\" data-api-key=\"AIzaSyD_0e-6GW8bSEsxof6Y0u7iOLrYELBbkc4\"> <\/div><script>\r\n\r\n\t\tfunction mapfunction_cz7403() {\r\n\r\n\t\t\tconst codevzPlusWaitForOverlay = setInterval(() => {\r\n\r\n\t\t\t\tif (typeof google.maps.OverlayView !== \"undefined\") {\r\n\r\n\t\t\t\t\tclearInterval(codevzPlusWaitForOverlay);\r\n\r\n\t\t\t\t\tgoogle.maps.Map.prototype.setCenterWithOffset = function(latlng, offsetX, offsetY) {\r\n\t\t\t\t\t    var map = this;\r\n\t\t\t\t\t    var ov = new google.maps.OverlayView();\r\n\t\t\t\t\t    ov.onAdd = function() {\r\n\t\t\t\t\t        var proj = this.getProjection();\r\n\t\t\t\t\t        var aPoint = proj.fromLatLngToContainerPixel(latlng);\r\n\t\t\t\t\t        aPoint.x = aPoint.x+offsetX;\r\n\t\t\t\t\t        aPoint.y = aPoint.y+offsetY;\r\n\t\t\t\t\t        map.setCenter(proj.fromContainerPixelToLatLng(aPoint));\r\n\t\t\t\t\t    }; \r\n\t\t\t\t\t    ov.draw = function() {}; \r\n\t\t\t\t\t    ov.setMap(this); \r\n\t\t\t\t\t};\r\n\r\n\t\t\t\t\tvar windx = jQuery(window), \r\n\r\n\t\t\t\t\t\tlatlng = { lat:41.05712458065332, lng:28.667024930482555},\r\n\r\n\t\t\t\t\t\tmyOptions = {\r\n\t\t\t\t\t\t\tmapId: \"\",\r\n\t\t\t\t\t\t\tzoom: 14,\r\n\t\t\t\t\t\t\tscrollwheel: true,\r\n\t\t\t\t\t\t\tdisableDefaultUI: false,\r\n\t\t\t\t\t\t\tcenter: latlng,\r\n\t\t\t\t\t\t\tfullscreenControl: false,\r\n\t\t\t\t\t\t\tmapTypeControl: false,\r\n\t\t\t\t\t\t\tkeyboardShortcuts: false\r\n\t\t\t\t\t\t},\r\n\r\n\t\t\t\t\t\tcz7403 = new google.maps.Map(document.getElementById(\"cz7403\"), myOptions ),\r\n\r\n\t\t\t\t\t\tsetCenterOffset = function() {\r\n\r\n\t\t\t\t\t\t\tif ( windx.width() < 768 ) {\r\n\t\t\t\t\t\t\t\tcz7403.setCenterWithOffset( latlng, 0, 0 );\r\n\t\t\t\t\t\t\t} else {\r\n\t\t\t\t\t\t\t\tcz7403.setCenterWithOffset( latlng, 0, 0 );\r\n\t\t\t\t\t\t\t}\r\n\r\n\t\t\t\t\t\t};\r\n\r\n\t\t\t\t\t\tsetCenterOffset();\r\n\r\n\t\t\t\t\t\twindx.on( \"resize\", function() {\r\n\t\t\t\t\t\t\tsetCenterOffset();\r\n\t\t\t\t\t\t});\r\n\t\t\t\t\tvar styles = [{\"elementType\": \"geometry\",\"stylers\": [{\"color\": \"#f5f5f5\"}]},{\"elementType\": \"labels.icon\",\"stylers\": [{\"visibility\": \"off\"}]},{\"elementType\": \"labels.text.fill\",\"stylers\": [{\"color\": \"#616161\"}]},{\"elementType\": \"labels.text.stroke\",\"stylers\": [{\"color\": \"#f5f5f5\"}]},{\"featureType\": \"administrative.land_parcel\",\"elementType\": \"labels\",\"stylers\": [{\"visibility\": \"off\"}]},{\"featureType\": \"administrative.land_parcel\",\"elementType\": \"labels.text.fill\",\"stylers\": [{\"color\": \"#bdbdbd\"}]},{\"featureType\": \"poi\",\"elementType\": \"geometry\",\"stylers\": [{\"color\": \"#eeeeee\"}]},{\"featureType\": \"poi\",\"elementType\": \"labels.text\",\"stylers\": [{\"visibility\": \"off\"}]},{\"featureType\": \"poi\",\"elementType\": \"labels.text.fill\",\"stylers\": [{\"color\": \"#757575\"}]},{\"featureType\": \"poi.park\",\"elementType\": \"geometry\",\"stylers\": [{\"color\": \"#e5e5e5\"}]},{\"featureType\": \"poi.park\",\"elementType\": \"labels.text.fill\",\"stylers\": [{\"color\": \"#9e9e9e\"}]},{\"featureType\": \"road\",\"elementType\": \"geometry\",\"stylers\": [{\"color\": \"#ffffff\"}]},{\"featureType\": \"road.arterial\",\"elementType\": \"labels.text.fill\",\"stylers\": [{\"color\": \"#757575\"}]},{\"featureType\": \"road.highway\",\"elementType\": \"geometry\",\"stylers\": [{\"color\": \"#dadada\"}]},{\"featureType\": \"road.highway\",\"elementType\": \"labels.text.fill\",\"stylers\": [{\"color\": \"#616161\"}]},{\"featureType\": \"road.local\",\"elementType\": \"labels\",\"stylers\": [{\"visibility\": \"off\"}]},{\"featureType\": \"road.local\",\"elementType\": \"labels.text.fill\",\"stylers\": [{\"color\": \"#9e9e9e\"}]},{\"featureType\": \"transit.line\",\"elementType\": \"geometry\",\"stylers\": [{\"color\": \"#e5e5e5\"}]},{\"featureType\": \"transit.station\",\"elementType\": \"geometry\",\"stylers\": [{\"color\": \"#eeeeee\"}]},{\"featureType\": \"water\",\"elementType\": \"geometry\",\"stylers\": [{\"color\": \"#c9c9c9\"}]},{\"featureType\": \"water\",\"elementType\": \"labels.text.fill\",\"stylers\": [{\"color\": \"#9e9e9e\"}]}];var styledMap = new google.maps.StyledMapType(styles,{name: \"Styled Map\"});cz7403.mapTypes.set(\"map_style\", styledMap);  cz7403.setMapTypeId(\"map_style\");class CustomMarker extends google.maps.OverlayView {\r\n\t\t\t\t\t\t    constructor(position, map) {\r\n\t\t\t\t\t\t        super();\r\n\t\t\t\t\t\t        this.position = position;\r\n\t\t\t\t\t\t        this.map = map;\r\n\t\t\t\t\t\t        this.div = null;\r\n\t\t\t\t\t\t        this.setMap(map);\r\n\t\t\t\t\t\t    }\r\n\r\n\t\t\t\t\t\t    onAdd() {\r\n\t\t\t\t\t\t        this.div = document.createElement(\"div\");\r\n\t\t\t\t\t\t        this.div.style.position = \"absolute\";\r\n\t\t\t\t\t\t        this.div.style.cursor = \"pointer\";\r\n\t\t\t\t\t\t        this.div.style.transform = \"translate(-50%, -100%)\";\r\n\t\t\t\t\t\t        this.div.innerHTML = `<div style=\"position:relative; text-align:center;\">\r\n\t\t\t\t\t\t                                <div style=\"position:absolute;top: -10px;left: 50%;transform: translate(-50%, -100%);background: white;color: #202020;padding: 15px 20px;border-radius: 2px;font-size: 15px;white-space: nowrap;box-shadow: 0px 2px 10px rgba(0, 0, 0, 0.2);display: none;font-family: Arial, sans-serif;\" class=\"tooltip\">\r\n\t\t\t\t\t\t                                \tON4NET YAZILIM REKLAMCILIK VE PAZARLAMA L\u0130M\u0130TED \u015e\u0130RKET\u0130\r\n\t\t\t\t\t\t                                <\/div>\r\n\t\t\t\t\t\t                                <img decoding=\"async\" loading=\"lazy\" src=\"https:\/\/i0.wp.com\/www.on4net.com\/wp-content\/uploads\/2025\/03\/on4net-100-google.png?fit=100%2C100&#038;ssl=1\" style=\"display:block;\" \/>\r\n\t\t\t\t\t\t                              <\/div>`;\r\n\r\n\t\t\t\t\t\t        this.getPanes().overlayMouseTarget.appendChild(this.div);\r\n\t\t\t\t\t\t        this.tooltip = this.div.querySelector(\".tooltip\");\r\n\r\n\t\t\t\t\t\t        \/\/ Show title on click\r\n\t\t\t\t\t\t        this.div.addEventListener(\"click\", (event) => {\r\n\t\t\t\t\t\t            event.stopPropagation();\r\n\t\t\t\t\t\t            this.tooltip.style.display = this.tooltip.style.display === \"block\" ? \"none\" : \"block\";\r\n\t\t\t\t\t\t        });\r\n\r\n\t\t\t\t\t\t        \/\/ Hide title when clicking outside\r\n\t\t\t\t\t\t        google.maps.event.addListener(this.map, \"click\", () => {\r\n\t\t\t\t\t\t            this.tooltip.style.display = \"none\";\r\n\t\t\t\t\t\t        });\r\n\t\t\t\t\t\t    }\r\n\r\n\t\t\t\t\t\t    draw() {\r\n\t\t\t\t\t\t        const overlayProjection = this.getProjection();\r\n\t\t\t\t\t\t        const position = overlayProjection.fromLatLngToDivPixel(this.position);\r\n\r\n\t\t\t\t\t\t        if (position && this.div) {\r\n\t\t\t\t\t\t            this.div.style.left = `${position.x}px`;\r\n\t\t\t\t\t\t            this.div.style.top = `${position.y}px`;\r\n\t\t\t\t\t\t        }\r\n\t\t\t\t\t\t    }\r\n\r\n\t\t\t\t\t\t    onRemove() {\r\n\t\t\t\t\t\t        if (this.div) {\r\n\t\t\t\t\t\t            this.div.parentNode.removeChild(this.div);\r\n\t\t\t\t\t\t            this.div = null;\r\n\t\t\t\t\t\t        }\r\n\t\t\t\t\t\t    }\r\n\t\t\t\t\t\t}\r\n\r\n\t\t\t\t\t\t\/\/ Add a custom marker at a specific location\r\n\t\t\t\t\t\tnew CustomMarker(new google.maps.LatLng(41.05712458065332, 28.667024930482555), cz7403);}}, 250 );}<\/script>\t\t\t\t<\/div>\n\t\t\t\t<\/div>\n\t\t\t\t\t<\/div>\n\t\t<\/div>\n\t\t\t\t\t<\/div>\n\t\t<\/section>\n\t\t\t\t<\/div>\n\t\t","protected":false},"excerpt":{"rendered":"<p>GET IN TOUCH WITH US Contact us today! &#8220;We&#8217;d love to &#8230; <\/p>\n","protected":false},"author":2,"featured_media":0,"parent":0,"menu_order":0,"comment_status":"closed","ping_status":"closed","template":"","meta":{"footnotes":""},"class_list":["post-3011","page","type-page","status-publish","hentry"],"jetpack_sharing_enabled":true,"jetpack-related-posts":[],"jetpack_shortlink":"https:\/\/wp.me\/PfFU5F-Mz","_links":{"self":[{"href":"https:\/\/www.on4net.com\/en\/wp-json\/wp\/v2\/pages\/3011","targetHints":{"allow":["GET"]}}],"collection":[{"href":"https:\/\/www.on4net.com\/en\/wp-json\/wp\/v2\/pages"}],"about":[{"href":"https:\/\/www.on4net.com\/en\/wp-json\/wp\/v2\/types\/page"}],"author":[{"embeddable":true,"href":"https:\/\/www.on4net.com\/en\/wp-json\/wp\/v2\/users\/2"}],"replies":[{"embeddable":true,"href":"https:\/\/www.on4net.com\/en\/wp-json\/wp\/v2\/comments?post=3011"}],"version-history":[{"count":48,"href":"https:\/\/www.on4net.com\/en\/wp-json\/wp\/v2\/pages\/3011\/revisions"}],"predecessor-version":[{"id":3950,"href":"https:\/\/www.on4net.com\/en\/wp-json\/wp\/v2\/pages\/3011\/revisions\/3950"}],"wp:attachment":[{"href":"https:\/\/www.on4net.com\/en\/wp-json\/wp\/v2\/media?parent=3011"}],"curies":[{"name":"wp","href":"https:\/\/api.w.org\/{rel}","templated":true}]}}